{"id":173,"date":"2014-05-23T12:18:07","date_gmt":"2014-05-23T12:18:07","guid":{"rendered":"http:\/\/www.oko-s.sk\/?page_id=173"},"modified":"2026-01-08T17:25:18","modified_gmt":"2026-01-08T16:25:18","slug":"cennik","status":"publish","type":"page","link":"https:\/\/www.oko-s.sk\/?page_id=173","title":{"rendered":"CENN\u00cdK"},"content":{"rendered":"\t\t<div data-elementor-type=\"wp-page\" data-elementor-id=\"173\" class=\"elementor elementor-173\">\n\t\t\t\t\t\t<section class=\"elementor-section elementor-top-section elementor-element elementor-element-18032ab elementor-section-boxed elementor-section-height-default elementor-section-height-default\" data-id=\"18032ab\" data-element_type=\"section\">\n\t\t\t\t\t\t<div class=\"elementor-container elementor-column-gap-default\">\n\t\t\t\t\t<div class=\"elementor-column elementor-col-100 elementor-top-column elementor-element elementor-element-2669c63\" data-id=\"2669c63\" data-element_type=\"column\">\n\t\t\t<div class=\"elementor-widget-wrap elementor-element-populated\">\n\t\t\t\t\t\t<div class=\"elementor-element elementor-element-38e1966 elementor-widget elementor-widget-heading\" data-id=\"38e1966\" data-element_type=\"widget\" data-settings=\"{&quot;_animation&quot;:&quot;none&quot;}\" data-widget_type=\"heading.default\">\n\t\t\t\t<div class=\"elementor-widget-container\">\n\t\t\t\t\t<h2 class=\"elementor-heading-title elementor-size-default\">CENN\u00cdK<\/h2>\t\t\t\t<\/div>\n\t\t\t\t<\/div>\n\t\t\t\t<div class=\"elementor-element elementor-element-c95575a elementor-widget-divider--view-line elementor-widget elementor-widget-divider\" data-id=\"c95575a\" data-element_type=\"widget\" data-widget_type=\"divider.default\">\n\t\t\t\t<div class=\"elementor-widget-container\">\n\t\t\t\t\t\t\t<div class=\"elementor-divider\">\n\t\t\t<span class=\"elementor-divider-separator\">\n\t\t\t\t\t\t<\/span>\n\t\t<\/div>\n\t\t\t\t\t\t<\/div>\n\t\t\t\t<\/div>\n\t\t\t\t<div class=\"elementor-element elementor-element-59ca575 elementor-widget-divider--view-line elementor-widget elementor-widget-divider\" data-id=\"59ca575\" data-element_type=\"widget\" data-widget_type=\"divider.default\">\n\t\t\t\t<div class=\"elementor-widget-container\">\n\t\t\t\t\t\t\t<div class=\"elementor-divider\">\n\t\t\t<span class=\"elementor-divider-separator\">\n\t\t\t\t\t\t<\/span>\n\t\t<\/div>\n\t\t\t\t\t\t<\/div>\n\t\t\t\t<\/div>\n\t\t\t\t\t<\/div>\n\t\t<\/div>\n\t\t\t\t\t<\/div>\n\t\t<\/section>\n\t\t\t\t<section class=\"elementor-section elementor-top-section elementor-element elementor-element-3490bf3e elementor-section-boxed elementor-section-height-default elementor-section-height-default\" data-id=\"3490bf3e\" data-element_type=\"section\">\n\t\t\t\t\t\t<div class=\"elementor-container elementor-column-gap-default\">\n\t\t\t\t\t<div class=\"elementor-column elementor-col-100 elementor-top-column elementor-element elementor-element-568ee87d\" data-id=\"568ee87d\" data-element_type=\"column\">\n\t\t\t<div class=\"elementor-widget-wrap elementor-element-populated\">\n\t\t\t\t\t\t<div class=\"elementor-element elementor-element-2d256db2 elementor-widget elementor-widget-text-editor\" data-id=\"2d256db2\" data-element_type=\"widget\" data-widget_type=\"text-editor.default\">\n\t\t\t\t<div class=\"elementor-widget-container\">\n\t\t\t\t\t\t\t\t\t<table style=\"height: 553px;\" width=\"761\">\n<tbody>\n<tr>\n<th style=\"color: white;\"><span style=\"color: #ffffff;\"><a style=\"color: #ffffff;\" href=\"http:\/\/www.oko-s.sk\/?page_id=293\"><strong>Vy\u0161etrenie<\/strong><\/a><\/span><\/th>\n<th><span style=\"color: #ffffff;\"><strong>Cena<\/strong><\/span><\/th>\n<\/tr>\n<tr>\n<td><a href=\"http:\/\/www.oko-s.sk\/?page_id=293\"><span style=\"color: #ffffff;\">Kompletn\u00e9 o\u010dn\u00e9 vy\u0161etrenie vr\u00e1tane perimetra pre potreby \u0161pecialistu\u00a0<\/span><\/a><\/td>\n<td><span style=\"color: #ffffff;\">35 \u20ac<\/span><\/td>\n<\/tr>\n<tr>\n<td><a href=\"http:\/\/www.oko-s.sk\/?page_id=293\"><span style=\"color: #ffffff;\">Vy\u0161etrenie predn\u00e9ho segmentu \/ z\u00e1pal<\/span><\/a><\/td>\n<td><span style=\"color: #ffffff;\">15 \u20ac<\/span><\/td>\n<\/tr>\n<tr>\n<td><a href=\"http:\/\/www.oko-s.sk\/?page_id=293\"><span style=\"color: #ffffff;\">Vy\u0161etrenie predn\u00e9ho a zadn\u00e9ho segmentu \/ vizus, o\u010dn\u00fd tlak, o\u010dn\u00e9 pozadie<\/span><\/a><\/td>\n<td><span style=\"color: #ffffff;\">20 \u20ac<\/span><\/td>\n<\/tr>\n<tr>\n<td><a href=\"http:\/\/www.oko-s.sk\/?page_id=293\"><span style=\"color: #ffffff;\">Vy\u0161etrenie na nov\u00e9 okuliare \/ kompletn\u00e9 o\u010dn\u00e9 vy\u0161etrenie<\/span><\/a><\/td>\n<td><span style=\"color: #ffffff;\">25 \u20ac<\/span><\/td>\n<\/tr>\n<tr>\n<td><a href=\"http:\/\/www.oko-s.sk\/?page_id=293\"><span style=\"color: #ffffff;\">Extrakcia cudzieho telieska (z rohovky alebo spojovkov\u00e9ho vaku)<\/span><\/a><\/td>\n<td><span style=\"color: #ffffff;\">20 \u20ac<\/span><\/td>\n<\/tr>\n<tr>\n<td><a href=\"http:\/\/www.oko-s.sk\/?page_id=293\"><span style=\"color: #ffffff;\">Prevent\u00edvne vy\u0161etrenie do zamestnania<\/span><\/a><\/td>\n<td><span style=\"color: #ffffff;\">30 \u20ac<\/span><\/td>\n<\/tr>\n<tr>\n<td><a href=\"http:\/\/www.oko-s.sk\/?page_id=293\"><span style=\"color: #ffffff;\">Meranie o\u010dn\u00e9ho tlaku<\/span><\/a><\/td>\n<td><span style=\"color: #ffffff;\">6 \u20ac<\/span><\/td>\n<\/tr>\n<tr>\n<td><a href=\"http:\/\/www.oko-s.sk\/?page_id=293\"><span style=\"color: #ffffff;\">O\u010dn\u00e9 pozadie<\/span><\/a><\/td>\n<td><span style=\"color: #ffffff;\">15 \u20ac<\/span><\/td>\n<\/tr>\n<tr>\n<td><a href=\"http:\/\/www.oko-s.sk\/?page_id=293\"><span style=\"color: #ffffff;\">Aplik\u00e1cia kontaktn\u00fdch \u0161o\u0161oviek<\/span><\/a><\/td>\n<td><span style=\"color: #ffffff;\">35 \u20ac<\/span><\/td>\n<\/tr>\n<tr>\n<td><a href=\"http:\/\/www.oko-s.sk\/?page_id=293\"><span style=\"color: #ffffff;\">O\u010dn\u00e9 vy\u0161etrenie pre pr\u00e1cu vo v\u00fd\u0161kach<\/span><\/a><\/td>\n<td><span style=\"color: #ffffff;\">30 \u20ac<\/span><\/td>\n<\/tr>\n<tr>\n<td><a href=\"http:\/\/www.oko-s.sk\/?page_id=293\"><span style=\"color: #ffffff;\">O\u010dn\u00e9 vy\u0161etrenie o sp\u00f4sobilosti vies\u0165 motorov\u00e9 vozidlo pre dr\u017eite\u013ea a \u017eiadate\u013ea vodi\u010dsk\u00e9ho opr\u00e1vnenia<\/span><\/a><\/td>\n<td><span style=\"color: #ffffff;\">30 \u20ac<\/span><\/td>\n<\/tr>\n<tr>\n<td><a href=\"http:\/\/www.oko-s.sk\/?page_id=293\"><span style=\"color: #ffffff;\">Vodi\u010d &#8211; d\u00f4chodca<\/span><\/a><\/td>\n<td><span style=\"color: #ffffff;\">30 \u20ac<\/span><\/td>\n<\/tr>\n<tr>\n<td><a href=\"http:\/\/www.oko-s.sk\/?page_id=293\"><span style=\"color: #ffffff;\">Vy\u0161etrenie pre dr\u017eite\u013ea zbrojn\u00e9ho pasu<\/span><\/a><\/td>\n<td><span style=\"color: #ffffff;\">30 \u20ac<\/span><\/td>\n<\/tr>\n<tr>\n<td><a href=\"http:\/\/www.oko-s.sk\/?page_id=293\"><span style=\"color: #ffffff;\">Vy\u0161etrenie a vystavenie posudku pre potreby soci\u00e1lnej pois\u0165ovne, s\u00fadu a pol\u00edcie<\/span><\/a><\/td>\n<td><span style=\"color: #ffffff;\">30 \u20ac<\/span><\/td>\n<\/tr>\n<\/tbody>\n<\/table>\t\t\t\t\t\t\t\t<\/div>\n\t\t\t\t<\/div>\n\t\t\t\t\t<\/div>\n\t\t<\/div>\n\t\t\t\t\t<\/div>\n\t\t<\/section>\n\t\t\t\t<\/div>\n\t\t","protected":false},"excerpt":{"rendered":"<p>CENN\u00cdK Vy\u0161etrenie Cena Kompletn\u00e9 o\u010dn\u00e9 vy\u0161etrenie vr\u00e1tane perimetra pre potreby \u0161pecialistu\u00a0 35 \u20ac Vy\u0161etrenie predn\u00e9ho segmentu \/ z\u00e1pal 15 \u20ac Vy\u0161etrenie predn\u00e9ho a zadn\u00e9ho segmentu \/ vizus, o\u010dn\u00fd tlak, o\u010dn\u00e9 pozadie 20 \u20ac Vy\u0161etrenie na nov\u00e9 okuliare \/ kompletn\u00e9 o\u010dn\u00e9 vy\u0161etrenie 25 \u20ac Extrakcia cudzieho telieska (z rohovky alebo spojovkov\u00e9ho vaku) 20 \u20ac Prevent\u00edvne vy\u0161etrenie [&hellip;]<\/p>\n","protected":false},"author":1,"featured_media":0,"parent":0,"menu_order":3,"comment_status":"closed","ping_status":"closed","template":"","meta":{"ocean_post_layout":"full-width","ocean_both_sidebars_style":"","ocean_both_sidebars_content_width":0,"ocean_both_sidebars_sidebars_width":0,"ocean_sidebar":"0","ocean_second_sidebar":"0","ocean_disable_margins":"enable","ocean_add_body_class":"","ocean_shortcode_before_top_bar":"","ocean_shortcode_after_top_bar":"","ocean_shortcode_before_header":"","ocean_shortcode_after_header":"","ocean_has_shortcode":"","ocean_shortcode_after_title":"","ocean_shortcode_before_footer_widgets":"","ocean_shortcode_after_footer_widgets":"","ocean_shortcode_before_footer_bottom":"","ocean_shortcode_after_footer_bottom":"","ocean_display_top_bar":"off","ocean_display_header":"default","ocean_header_style":"","ocean_center_header_left_menu":"0","ocean_custom_header_template":"0","ocean_custom_logo":0,"ocean_custom_retina_logo":0,"ocean_custom_logo_max_width":0,"ocean_custom_logo_tablet_max_width":0,"ocean_custom_logo_mobile_max_width":0,"ocean_custom_logo_max_height":0,"ocean_custom_logo_tablet_max_height":0,"ocean_custom_logo_mobile_max_height":0,"ocean_header_custom_menu":"0","ocean_menu_typo_font_family":"0","ocean_menu_typo_font_subset":"","ocean_menu_typo_font_size":0,"ocean_menu_typo_font_size_tablet":0,"ocean_menu_typo_font_size_mobile":0,"ocean_menu_typo_font_size_unit":"px","ocean_menu_typo_font_weight":"","ocean_menu_typo_font_weight_tablet":"","ocean_menu_typo_font_weight_mobile":"","ocean_menu_typo_transform":"","ocean_menu_typo_transform_tablet":"","ocean_menu_typo_transform_mobile":"","ocean_menu_typo_line_height":0,"ocean_menu_typo_line_height_tablet":0,"ocean_menu_typo_line_height_mobile":0,"ocean_menu_typo_line_height_unit":"","ocean_menu_typo_spacing":0,"ocean_menu_typo_spacing_tablet":0,"ocean_menu_typo_spacing_mobile":0,"ocean_menu_typo_spacing_unit":"","ocean_menu_link_color":"","ocean_menu_link_color_hover":"","ocean_menu_link_color_active":"","ocean_menu_link_background":"","ocean_menu_link_hover_background":"","ocean_menu_link_active_background":"","ocean_menu_social_links_bg":"","ocean_menu_social_hover_links_bg":"","ocean_menu_social_links_color":"","ocean_menu_social_hover_links_color":"","ocean_disable_title":"on","ocean_disable_heading":"default","ocean_post_title":"","ocean_post_subheading":"","ocean_post_title_style":"","ocean_post_title_background_color":"","ocean_post_title_background":0,"ocean_post_title_bg_image_position":"","ocean_post_title_bg_image_attachment":"","ocean_post_title_bg_image_repeat":"","ocean_post_title_bg_image_size":"","ocean_post_title_height":0,"ocean_post_title_bg_overlay":0.5,"ocean_post_title_bg_overlay_color":"","ocean_disable_breadcrumbs":"default","ocean_breadcrumbs_color":"","ocean_breadcrumbs_separator_color":"","ocean_breadcrumbs_links_color":"","ocean_breadcrumbs_links_hover_color":"","ocean_display_footer_widgets":"off","ocean_display_footer_bottom":"off","ocean_custom_footer_template":"0","footnotes":""},"class_list":["post-173","page","type-page","status-publish","hentry","entry"],"featured_image_urls":{},"_links":{"self":[{"href":"https:\/\/www.oko-s.sk\/index.php?rest_route=\/wp\/v2\/pages\/173","targetHints":{"allow":["GET"]}}],"collection":[{"href":"https:\/\/www.oko-s.sk\/index.php?rest_route=\/wp\/v2\/pages"}],"about":[{"href":"https:\/\/www.oko-s.sk\/index.php?rest_route=\/wp\/v2\/types\/page"}],"author":[{"embeddable":true,"href":"https:\/\/www.oko-s.sk\/index.php?rest_route=\/wp\/v2\/users\/1"}],"replies":[{"embeddable":true,"href":"https:\/\/www.oko-s.sk\/index.php?rest_route=%2Fwp%2Fv2%2Fcomments&post=173"}],"version-history":[{"count":80,"href":"https:\/\/www.oko-s.sk\/index.php?rest_route=\/wp\/v2\/pages\/173\/revisions"}],"predecessor-version":[{"id":1852,"href":"https:\/\/www.oko-s.sk\/index.php?rest_route=\/wp\/v2\/pages\/173\/revisions\/1852"}],"wp:attachment":[{"href":"https:\/\/www.oko-s.sk\/index.php?rest_route=%2Fwp%2Fv2%2Fmedia&parent=173"}],"curies":[{"name":"wp","href":"https:\/\/api.w.org\/{rel}","templated":true}]}}